{"id":3194,"date":"2023-10-18T12:34:45","date_gmt":"2023-10-18T10:34:45","guid":{"rendered":"https:\/\/blinapp.com\/?page_id=3194"},"modified":"2024-06-04T12:43:56","modified_gmt":"2024-06-04T10:43:56","slug":"negocios","status":"publish","type":"page","link":"https:\/\/blinapp.com\/ca\/negocios\/","title":{"rendered":"negocios"},"content":{"rendered":"\t\t<div data-elementor-type=\"wp-page\" data-elementor-id=\"3194\" class=\"elementor elementor-3194\" data-elementor-post-type=\"page\">\n\t\t\t\t\t\t<section data-particle_enable=\"false\" data-particle-mobile-disabled=\"false\" class=\"elementor-section elementor-top-section elementor-element elementor-element-2d0691e elementor-section-boxed elementor-section-height-default elementor-section-height-default\" data-id=\"2d0691e\" data-element_type=\"section\" data-e-type=\"section\">\n\t\t\t\t\t\t<div class=\"elementor-container elementor-column-gap-default\">\n\t\t\t\t\t<div class=\"elementor-column elementor-col-100 elementor-top-column elementor-element elementor-element-ad59cf3\" data-id=\"ad59cf3\" data-element_type=\"column\" data-e-type=\"column\">\n\t\t\t<div class=\"elementor-widget-wrap elementor-element-populated\">\n\t\t\t\t\t\t<div class=\"elementor-element elementor-element-35b1660 elementor-widget elementor-widget-video\" data-id=\"35b1660\" data-element_type=\"widget\" data-e-type=\"widget\" data-settings=\"{&quot;video_type&quot;:&quot;hosted&quot;,&quot;autoplay&quot;:&quot;yes&quot;,&quot;play_on_mobile&quot;:&quot;yes&quot;,&quot;mute&quot;:&quot;yes&quot;,&quot;loop&quot;:&quot;yes&quot;}\" data-widget_type=\"video.default\">\n\t\t\t\t<div class=\"elementor-widget-container\">\n\t\t\t\t\t\t\t<div class=\"e-hosted-video elementor-wrapper elementor-open-inline\">\n\t\t\t\t\t<video class=\"elementor-video\" src=\"https:\/\/blinapp.com\/wp-content\/uploads\/2023\/11\/Copia-de-Tu-ves-esto.mp4\" autoplay=\"\" loop=\"\" muted=\"muted\" playsinline=\"\" controlsList=\"nodownload\"><\/video>\n\t\t\t\t<\/div>\n\t\t\t\t\t\t<\/div>\n\t\t\t\t<\/div>\n\t\t\t\t<div class=\"elementor-element elementor-element-1770ee5 elementor-widget elementor-widget-heading\" data-id=\"1770ee5\" data-element_type=\"widget\" data-e-type=\"widget\" data-widget_type=\"heading.default\">\n\t\t\t\t<div class=\"elementor-widget-container\">\n\t\t\t\t\t<h2 class=\"elementor-heading-title elementor-size-default\">Blin \u00e9s una app per a <span> \ndigitalitzar<\/span><\/h2>\t\t\t\t<\/div>\n\t\t\t\t<\/div>\n\t\t\t\t<div class=\"elementor-element elementor-element-69ce9cc elementor-widget elementor-widget-heading\" data-id=\"69ce9cc\" data-element_type=\"widget\" data-e-type=\"widget\" data-widget_type=\"heading.default\">\n\t\t\t\t<div class=\"elementor-widget-container\">\n\t\t\t\t\t<h2 class=\"elementor-heading-title elementor-size-default\">el teu comer\u00e7 local<\/h2>\t\t\t\t<\/div>\n\t\t\t\t<\/div>\n\t\t\t\t\t<\/div>\n\t\t<\/div>\n\t\t\t\t\t<\/div>\n\t\t<\/section>\n\t\t\t\t<section data-particle_enable=\"false\" data-particle-mobile-disabled=\"false\" class=\"elementor-section elementor-top-section elementor-element elementor-element-d0d75e1 elementor-section-boxed elementor-section-height-default elementor-section-height-default\" data-id=\"d0d75e1\" data-element_type=\"section\" data-e-type=\"section\">\n\t\t\t\t\t\t<div class=\"elementor-container elementor-column-gap-default\">\n\t\t\t\t\t<div class=\"elementor-column elementor-col-100 elementor-top-column elementor-element elementor-element-0ed4b8e\" data-id=\"0ed4b8e\" data-element_type=\"column\" data-e-type=\"column\">\n\t\t\t<div class=\"elementor-widget-wrap elementor-element-populated\">\n\t\t\t\t\t\t<div class=\"elementor-element elementor-element-c8341b5 elementor-widget elementor-widget-text-editor\" data-id=\"c8341b5\" data-element_type=\"widget\" data-e-type=\"widget\" data-widget_type=\"text-editor.default\">\n\t\t\t\t<div class=\"elementor-widget-container\">\n\t\t\t\t\t\t\t\t\t<p>Un nou aparador perqu\u00e8 els teus clients et trobin, s\u00e0piguen quins embenis, resolguin dubtes i facin comandes o reserves des de l&#8217;aplicaci\u00f3.<\/p>\t\t\t\t\t\t\t\t<\/div>\n\t\t\t\t<\/div>\n\t\t\t\t<div class=\"elementor-element elementor-element-14d14f5 elementor-align-center elementor-widget elementor-widget-button\" data-id=\"14d14f5\" data-element_type=\"widget\" data-e-type=\"widget\" data-widget_type=\"button.default\">\n\t\t\t\t<div class=\"elementor-widget-container\">\n\t\t\t\t\t\t\t\t\t<div class=\"elementor-button-wrapper\">\n\t\t\t\t\t<a class=\"elementor-button elementor-size-sm\" role=\"button\">\n\t\t\t\t\t\t<span class=\"elementor-button-content-wrapper\">\n\t\t\t\t\t\t\t\t\t<span class=\"elementor-button-text\">Registra el teu Negoci<\/span>\n\t\t\t\t\t<\/span>\n\t\t\t\t\t<\/a>\n\t\t\t\t<\/div>\n\t\t\t\t\t\t\t\t<\/div>\n\t\t\t\t<\/div>\n\t\t\t\t<div class=\"elementor-element elementor-element-bad115e elementor-widget elementor-widget-text-editor\" data-id=\"bad115e\" data-element_type=\"widget\" data-e-type=\"widget\" data-widget_type=\"text-editor.default\">\n\t\t\t\t<div class=\"elementor-widget-container\">\n\t\t\t\t\t\t\t\t\t<p>Amb\u00a0Blin\u00a0el teu negoci tindr\u00e0<\/p>\t\t\t\t\t\t\t\t<\/div>\n\t\t\t\t<\/div>\n\t\t\t\t<section data-particle_enable=\"false\" data-particle-mobile-disabled=\"false\" class=\"elementor-section elementor-inner-section elementor-element elementor-element-440ffc3 elementor-section-boxed elementor-section-height-default elementor-section-height-default\" data-id=\"440ffc3\" data-element_type=\"section\" data-e-type=\"section\">\n\t\t\t\t\t\t<div class=\"elementor-container elementor-column-gap-wider\">\n\t\t\t\t\t<div class=\"elementor-column elementor-col-50 elementor-inner-column elementor-element elementor-element-e930066\" data-id=\"e930066\" data-element_type=\"column\" data-e-type=\"column\">\n\t\t\t<div class=\"elementor-widget-wrap elementor-element-populated\">\n\t\t\t\t\t\t<div class=\"elementor-element elementor-element-1b72c67 elementor-widget elementor-widget-image\" data-id=\"1b72c67\" data-element_type=\"widget\" data-e-type=\"widget\" data-widget_type=\"image.default\">\n\t\t\t\t<div class=\"elementor-widget-container\">\n\t\t\t\t\t\t\t\t\t\t\t\t\t\t\t<img fetchpriority=\"high\" decoding=\"async\" width=\"300\" height=\"169\" src=\"https:\/\/blinapp.com\/wp-content\/uploads\/2023\/11\/Tu-ves-esto-2-300x169.png\" class=\"attachment-medium size-medium wp-image-2262\" alt=\"\" srcset=\"https:\/\/blinapp.com\/wp-content\/uploads\/2023\/11\/Tu-ves-esto-2-300x169.png 300w, https:\/\/blinapp.com\/wp-content\/uploads\/2023\/11\/Tu-ves-esto-2-1024x576.png 1024w, https:\/\/blinapp.com\/wp-content\/uploads\/2023\/11\/Tu-ves-esto-2-768x432.png 768w, https:\/\/blinapp.com\/wp-content\/uploads\/2023\/11\/Tu-ves-esto-2-1536x864.png 1536w, https:\/\/blinapp.com\/wp-content\/uploads\/2023\/11\/Tu-ves-esto-2-2048x1152.png 2048w\" sizes=\"(max-width: 300px) 100vw, 300px\" \/>\t\t\t\t\t\t\t\t\t\t\t\t\t\t\t<\/div>\n\t\t\t\t<\/div>\n\t\t\t\t<div class=\"elementor-element elementor-element-1ac6756 elementor-widget__width-auto elementor-widget elementor-widget-text-editor\" data-id=\"1ac6756\" data-element_type=\"widget\" data-e-type=\"widget\" data-widget_type=\"text-editor.default\">\n\t\t\t\t<div class=\"elementor-widget-container\">\n\t\t\t\t\t\t\t\t\t<p>\u00a0Targeta regalo\u00a0<\/p>\t\t\t\t\t\t\t\t<\/div>\n\t\t\t\t<\/div>\n\t\t\t\t<div class=\"elementor-element elementor-element-313bb83 elementor-widget__width-initial elementor-widget elementor-widget-text-editor\" data-id=\"313bb83\" data-element_type=\"widget\" data-e-type=\"widget\" data-widget_type=\"text-editor.default\">\n\t\t\t\t<div class=\"elementor-widget-container\">\n\t\t\t\t\t\t\t\t\t<p>Targeta regalo del teu negoci perqu\u00e8 augmentis les vendes, arribis a nous clients i aprofitis les \u00e8poques de regals.<\/p>\t\t\t\t\t\t\t\t<\/div>\n\t\t\t\t<\/div>\n\t\t\t\t\t<\/div>\n\t\t<\/div>\n\t\t\t\t<div class=\"elementor-column elementor-col-50 elementor-inner-column elementor-element elementor-element-f5d2df3\" data-id=\"f5d2df3\" data-element_type=\"column\" data-e-type=\"column\">\n\t\t\t<div class=\"elementor-widget-wrap elementor-element-populated\">\n\t\t\t\t\t\t<div class=\"elementor-element elementor-element-a645541 elementor-widget elementor-widget-image\" data-id=\"a645541\" data-element_type=\"widget\" data-e-type=\"widget\" data-widget_type=\"image.default\">\n\t\t\t\t<div class=\"elementor-widget-container\">\n\t\t\t\t\t\t\t\t\t\t\t\t\t\t\t<img decoding=\"async\" width=\"300\" height=\"169\" src=\"https:\/\/blinapp.com\/wp-content\/uploads\/2023\/11\/Tu-ves-esto-300x169.png\" class=\"attachment-medium size-medium wp-image-2254\" alt=\"\" srcset=\"https:\/\/blinapp.com\/wp-content\/uploads\/2023\/11\/Tu-ves-esto-300x169.png 300w, https:\/\/blinapp.com\/wp-content\/uploads\/2023\/11\/Tu-ves-esto-1024x576.png 1024w, https:\/\/blinapp.com\/wp-content\/uploads\/2023\/11\/Tu-ves-esto-768x432.png 768w, https:\/\/blinapp.com\/wp-content\/uploads\/2023\/11\/Tu-ves-esto-1536x864.png 1536w, https:\/\/blinapp.com\/wp-content\/uploads\/2023\/11\/Tu-ves-esto-2048x1152.png 2048w\" sizes=\"(max-width: 300px) 100vw, 300px\" \/>\t\t\t\t\t\t\t\t\t\t\t\t\t\t\t<\/div>\n\t\t\t\t<\/div>\n\t\t\t\t<div class=\"elementor-element elementor-element-49a3fbc elementor-widget__width-auto elementor-widget elementor-widget-text-editor\" data-id=\"49a3fbc\" data-element_type=\"widget\" data-e-type=\"widget\" data-widget_type=\"text-editor.default\">\n\t\t\t\t<div class=\"elementor-widget-container\">\n\t\t\t\t\t\t\t\t\t<p>\u00a0Programa de fidelitzaci\u00f3\u00a0<\/p>\t\t\t\t\t\t\t\t<\/div>\n\t\t\t\t<\/div>\n\t\t\t\t<div class=\"elementor-element elementor-element-be88820 elementor-widget elementor-widget-text-editor\" data-id=\"be88820\" data-element_type=\"widget\" data-e-type=\"widget\" data-widget_type=\"text-editor.default\">\n\t\t\t\t<div class=\"elementor-widget-container\">\n\t\t\t\t\t\t\t\t\t<p>Assegura&#8217;t que tornen amb descomptes en pr\u00f2ximes compres. Tu decideixes quin percentatge de descompte. Nosaltres ens encarreguem de gestionar-ho.<\/p>\t\t\t\t\t\t\t\t<\/div>\n\t\t\t\t<\/div>\n\t\t\t\t\t<\/div>\n\t\t<\/div>\n\t\t\t\t\t<\/div>\n\t\t<\/section>\n\t\t\t\t<section data-particle_enable=\"false\" data-particle-mobile-disabled=\"false\" class=\"elementor-section elementor-inner-section elementor-element elementor-element-a18ca11 elementor-section-boxed elementor-section-height-default elementor-section-height-default\" data-id=\"a18ca11\" data-element_type=\"section\" data-e-type=\"section\">\n\t\t\t\t\t\t<div class=\"elementor-container elementor-column-gap-wider\">\n\t\t\t\t\t<div class=\"elementor-column elementor-col-50 elementor-inner-column elementor-element elementor-element-3600bf3\" data-id=\"3600bf3\" data-element_type=\"column\" data-e-type=\"column\">\n\t\t\t<div class=\"elementor-widget-wrap elementor-element-populated\">\n\t\t\t\t\t\t<div class=\"elementor-element elementor-element-a055bf2 elementor-widget elementor-widget-image\" data-id=\"a055bf2\" data-element_type=\"widget\" data-e-type=\"widget\" data-widget_type=\"image.default\">\n\t\t\t\t<div class=\"elementor-widget-container\">\n\t\t\t\t\t\t\t\t\t\t\t\t\t\t\t<img decoding=\"async\" width=\"300\" height=\"169\" src=\"https:\/\/blinapp.com\/wp-content\/uploads\/2023\/11\/Tu-ves-esto-3-300x169.png\" class=\"attachment-medium size-medium wp-image-2266\" alt=\"\" srcset=\"https:\/\/blinapp.com\/wp-content\/uploads\/2023\/11\/Tu-ves-esto-3-300x169.png 300w, https:\/\/blinapp.com\/wp-content\/uploads\/2023\/11\/Tu-ves-esto-3-1024x576.png 1024w, https:\/\/blinapp.com\/wp-content\/uploads\/2023\/11\/Tu-ves-esto-3-768x432.png 768w, https:\/\/blinapp.com\/wp-content\/uploads\/2023\/11\/Tu-ves-esto-3-1536x864.png 1536w, https:\/\/blinapp.com\/wp-content\/uploads\/2023\/11\/Tu-ves-esto-3-2048x1152.png 2048w\" sizes=\"(max-width: 300px) 100vw, 300px\" \/>\t\t\t\t\t\t\t\t\t\t\t\t\t\t\t<\/div>\n\t\t\t\t<\/div>\n\t\t\t\t<div class=\"elementor-element elementor-element-e2b59ee elementor-widget__width-auto elementor-widget elementor-widget-text-editor\" data-id=\"e2b59ee\" data-element_type=\"widget\" data-e-type=\"widget\" data-widget_type=\"text-editor.default\">\n\t\t\t\t<div class=\"elementor-widget-container\">\n\t\t\t\t\t\t\t\t\t<p>\u00a0Anuncis en temps real\u00a0<\/p>\t\t\t\t\t\t\t\t<\/div>\n\t\t\t\t<\/div>\n\t\t\t\t<div class=\"elementor-element elementor-element-03f2e53 elementor-widget elementor-widget-text-editor\" data-id=\"03f2e53\" data-element_type=\"widget\" data-e-type=\"widget\" data-widget_type=\"text-editor.default\">\n\t\t\t\t<div class=\"elementor-widget-container\">\n\t\t\t\t\t\t\t\t\t<p>Anuncia promocions, missatges o ofertes a tots els teus clients en temps real.<br \/><br \/><em>&#8220;Durant els pr\u00f2xims 30 minuts tenim un 20% en tallada de cabells per a homes.&#8221;<\/em><\/p>\t\t\t\t\t\t\t\t<\/div>\n\t\t\t\t<\/div>\n\t\t\t\t\t<\/div>\n\t\t<\/div>\n\t\t\t\t<div class=\"elementor-column elementor-col-50 elementor-inner-column elementor-element elementor-element-bdb4ecd\" data-id=\"bdb4ecd\" data-element_type=\"column\" data-e-type=\"column\">\n\t\t\t<div class=\"elementor-widget-wrap elementor-element-populated\">\n\t\t\t\t\t\t<div class=\"elementor-element elementor-element-3374b49 elementor-widget elementor-widget-image\" data-id=\"3374b49\" data-element_type=\"widget\" data-e-type=\"widget\" data-widget_type=\"image.default\">\n\t\t\t\t<div class=\"elementor-widget-container\">\n\t\t\t\t\t\t\t\t\t\t\t\t\t\t\t<img loading=\"lazy\" decoding=\"async\" width=\"300\" height=\"169\" src=\"https:\/\/blinapp.com\/wp-content\/uploads\/2023\/11\/Tu-ves-esto-1-300x169.png\" class=\"attachment-medium size-medium wp-image-2258\" alt=\"\" srcset=\"https:\/\/blinapp.com\/wp-content\/uploads\/2023\/11\/Tu-ves-esto-1-300x169.png 300w, https:\/\/blinapp.com\/wp-content\/uploads\/2023\/11\/Tu-ves-esto-1-1024x576.png 1024w, https:\/\/blinapp.com\/wp-content\/uploads\/2023\/11\/Tu-ves-esto-1-768x432.png 768w, https:\/\/blinapp.com\/wp-content\/uploads\/2023\/11\/Tu-ves-esto-1-1536x864.png 1536w, https:\/\/blinapp.com\/wp-content\/uploads\/2023\/11\/Tu-ves-esto-1-2048x1152.png 2048w\" sizes=\"(max-width: 300px) 100vw, 300px\" \/>\t\t\t\t\t\t\t\t\t\t\t\t\t\t\t<\/div>\n\t\t\t\t<\/div>\n\t\t\t\t<div class=\"elementor-element elementor-element-9d1d098 elementor-widget__width-auto elementor-widget elementor-widget-text-editor\" data-id=\"9d1d098\" data-element_type=\"widget\" data-e-type=\"widget\" data-widget_type=\"text-editor.default\">\n\t\t\t\t<div class=\"elementor-widget-container\">\n\t\t\t\t\t\t\t\t\t<p>\u00a0Missatges\u00a0<\/p>\t\t\t\t\t\t\t\t<\/div>\n\t\t\t\t<\/div>\n\t\t\t\t<div class=\"elementor-element elementor-element-74c68e5 elementor-widget elementor-widget-text-editor\" data-id=\"74c68e5\" data-element_type=\"widget\" data-e-type=\"widget\" data-widget_type=\"text-editor.default\">\n\t\t\t\t<div class=\"elementor-widget-container\">\n\t\t\t\t\t\t\t\t\t<p>Parla amb els teus clients, resol dubtes, recull comandes o suggeriments.<\/p>\t\t\t\t\t\t\t\t<\/div>\n\t\t\t\t<\/div>\n\t\t\t\t\t<\/div>\n\t\t<\/div>\n\t\t\t\t\t<\/div>\n\t\t<\/section>\n\t\t\t\t\t<\/div>\n\t\t<\/div>\n\t\t\t\t\t<\/div>\n\t\t<\/section>\n\t\t\t\t<section data-particle_enable=\"false\" data-particle-mobile-disabled=\"false\" class=\"elementor-section elementor-top-section elementor-element elementor-element-09dd754 elementor-section-boxed elementor-section-height-default elementor-section-height-default\" data-id=\"09dd754\" data-element_type=\"section\" data-e-type=\"section\">\n\t\t\t\t\t\t<div class=\"elementor-container elementor-column-gap-default\">\n\t\t\t\t\t<div class=\"elementor-column elementor-col-100 elementor-top-column elementor-element elementor-element-44dc013\" data-id=\"44dc013\" data-element_type=\"column\" data-e-type=\"column\">\n\t\t\t<div class=\"elementor-widget-wrap elementor-element-populated\">\n\t\t\t\t\t\t<section data-particle_enable=\"false\" data-particle-mobile-disabled=\"false\" class=\"elementor-section elementor-inner-section elementor-element elementor-element-11ca2e4 elementor-section-boxed elementor-section-height-default elementor-section-height-default\" data-id=\"11ca2e4\" data-element_type=\"section\" data-e-type=\"section\">\n\t\t\t\t\t\t<div class=\"elementor-container elementor-column-gap-narrow\">\n\t\t\t\t\t<div class=\"elementor-column elementor-col-100 elementor-inner-column elementor-element elementor-element-d83aa58\" data-id=\"d83aa58\" data-element_type=\"column\" data-e-type=\"column\" data-settings=\"{&quot;background_background&quot;:&quot;classic&quot;}\">\n\t\t\t<div class=\"elementor-widget-wrap elementor-element-populated\">\n\t\t\t\t\t\t<div class=\"elementor-element elementor-element-ff062a5 elementor-widget elementor-widget-heading\" data-id=\"ff062a5\" data-element_type=\"widget\" data-e-type=\"widget\" data-widget_type=\"heading.default\">\n\t\t\t\t<div class=\"elementor-widget-container\">\n\t\t\t\t\t<h3 class=\"elementor-heading-title elementor-size-default\">Blin Negocis<\/h3>\t\t\t\t<\/div>\n\t\t\t\t<\/div>\n\t\t\t\t<div class=\"elementor-element elementor-element-6c43213 elementor-widget-divider--view-line elementor-widget elementor-widget-divider\" data-id=\"6c43213\" data-element_type=\"widget\" data-e-type=\"widget\" data-widget_type=\"divider.default\">\n\t\t\t\t<div class=\"elementor-widget-container\">\n\t\t\t\t\t\t\t<div class=\"elementor-divider\">\n\t\t\t<span class=\"elementor-divider-separator\">\n\t\t\t\t\t\t<\/span>\n\t\t<\/div>\n\t\t\t\t\t\t<\/div>\n\t\t\t\t<\/div>\n\t\t\t\t<div class=\"elementor-element elementor-element-30c1099 elementor-widget__width-auto elementor-widget elementor-widget-text-editor\" data-id=\"30c1099\" data-element_type=\"widget\" data-e-type=\"widget\" data-widget_type=\"text-editor.default\">\n\t\t\t\t<div class=\"elementor-widget-container\">\n\t\t\t\t\t\t\t\t\t<p><strong>Inclou<\/strong><\/p><ul><li>Targeta regalo del teu negoci<\/li><li>Pla de fidelitzaci\u00f3 de clients mitjan\u00e7ant descomptes per compres<\/li><li>Anuncis en temps real<br \/>Comunicaci\u00f3 amb clients<\/li><li>P\u00e0gina del teu negoci personalitzada amb la teva informaci\u00f3 i fotos<\/li><li>Descomptes en la quota en convidar a nous negocis\u00a0Blin<\/li><\/ul>\t\t\t\t\t\t\t\t<\/div>\n\t\t\t\t<\/div>\n\t\t\t\t<div class=\"elementor-element elementor-element-4a32d9b elementor-align-center elementor-widget elementor-widget-button\" data-id=\"4a32d9b\" data-element_type=\"widget\" data-e-type=\"widget\" data-widget_type=\"button.default\">\n\t\t\t\t<div class=\"elementor-widget-container\">\n\t\t\t\t\t\t\t\t\t<div class=\"elementor-button-wrapper\">\n\t\t\t\t\t<a class=\"elementor-button elementor-button-link elementor-size-sm\" href=\"https:\/\/blinapp.com\/\">\n\t\t\t\t\t\t<span class=\"elementor-button-content-wrapper\">\n\t\t\t\t\t\t\t\t\t<span class=\"elementor-button-text\">Registra tu negocio<\/span>\n\t\t\t\t\t<\/span>\n\t\t\t\t\t<\/a>\n\t\t\t\t<\/div>\n\t\t\t\t\t\t\t\t<\/div>\n\t\t\t\t<\/div>\n\t\t\t\t\t<\/div>\n\t\t<\/div>\n\t\t\t\t\t<\/div>\n\t\t<\/section>\n\t\t\t\t\t<\/div>\n\t\t<\/div>\n\t\t\t\t\t<\/div>\n\t\t<\/section>\n\t\t\t\t<\/div>\n\t\t","protected":false},"excerpt":{"rendered":"<p>https:\/\/blinapp.com\/wp-content\/uploads\/2023\/11\/Copia-de-Tu-ves-esto.mp4 Blin \u00e9s una app per a digitalitzar el teu comer\u00e7 local Un nou aparador perqu\u00e8 els teus clients et trobin, s\u00e0piguen quins embenis, resolguin dubtes i facin comandes o reserves des de l&#8217;aplicaci\u00f3. Registra el teu Negoci Amb\u00a0Blin\u00a0el teu negoci tindr\u00e0 \u00a0Targeta regalo\u00a0 Targeta regalo del teu negoci perqu\u00e8 augmentis les vendes, arribis a [&hellip;]<\/p>\n","protected":false},"author":2,"featured_media":0,"parent":0,"menu_order":0,"comment_status":"closed","ping_status":"closed","template":"elementor_header_footer","meta":{"_eb_attr":"","footnotes":""},"class_list":["post-3194","page","type-page","status-publish","hentry"],"_links":{"self":[{"href":"https:\/\/blinapp.com\/ca\/wp-json\/wp\/v2\/pages\/3194","targetHints":{"allow":["GET"]}}],"collection":[{"href":"https:\/\/blinapp.com\/ca\/wp-json\/wp\/v2\/pages"}],"about":[{"href":"https:\/\/blinapp.com\/ca\/wp-json\/wp\/v2\/types\/page"}],"author":[{"embeddable":true,"href":"https:\/\/blinapp.com\/ca\/wp-json\/wp\/v2\/users\/2"}],"replies":[{"embeddable":true,"href":"https:\/\/blinapp.com\/ca\/wp-json\/wp\/v2\/comments?post=3194"}],"version-history":[{"count":4,"href":"https:\/\/blinapp.com\/ca\/wp-json\/wp\/v2\/pages\/3194\/revisions"}],"predecessor-version":[{"id":3198,"href":"https:\/\/blinapp.com\/ca\/wp-json\/wp\/v2\/pages\/3194\/revisions\/3198"}],"wp:attachment":[{"href":"https:\/\/blinapp.com\/ca\/wp-json\/wp\/v2\/media?parent=3194"}],"curies":[{"name":"wp","href":"https:\/\/api.w.org\/{rel}","templated":true}]}}